{"id":381,"date":"2025-07-24T15:10:20","date_gmt":"2025-07-24T13:10:20","guid":{"rendered":"https:\/\/lachaumuse.fr\/?page_id=381"},"modified":"2025-08-14T15:36:25","modified_gmt":"2025-08-14T13:36:25","slug":"politique-de-confidentialite","status":"publish","type":"page","link":"https:\/\/lachaumuse.fr\/index.php\/politique-de-confidentialite\/","title":{"rendered":"Politique de confidentialit\u00e9"},"content":{"rendered":"\t\t<div data-elementor-type=\"wp-page\" data-elementor-id=\"381\" class=\"elementor elementor-381\">\n\t\t\t\t<div class=\"elementor-element elementor-element-163d0e0 e-flex e-con-boxed e-con e-parent\" data-id=\"163d0e0\" data-element_type=\"container\">\n\t\t\t\t\t<div class=\"e-con-inner\">\n\t\t\t\t<div class=\"elementor-element elementor-element-bfdbe11 elementor-widget elementor-widget-text-editor\" data-id=\"bfdbe11\" data-element_type=\"widget\" data-widget_type=\"text-editor.default\">\n\t\t\t\t\t\t\t\t\t<p data-start=\"268\" data-end=\"477\"><strong data-start=\"268\" data-end=\"310\">Collecte des informations personnelles<\/strong><br data-start=\"310\" data-end=\"313\" \/>Le site <a class=\"\" href=\"https:\/\/lachaumuse.fr\/\" target=\"_new\" rel=\"noopener\" data-start=\"321\" data-end=\"369\">https:\/\/lachaumuse.fr\/<\/a> ne collecte des informations personnelles que via le formulaire de contact. Les donn\u00e9es collect\u00e9es sont :<\/p><ul data-start=\"478\" data-end=\"514\"><li data-start=\"478\" data-end=\"485\"><p data-start=\"480\" data-end=\"485\">Nom<\/p><\/li><li data-start=\"486\" data-end=\"504\"><p data-start=\"488\" data-end=\"504\">Adresse e-mail<\/p><\/li><li data-start=\"505\" data-end=\"514\"><p data-start=\"507\" data-end=\"514\">Message<\/p><\/li><\/ul><p data-start=\"516\" data-end=\"699\"><strong data-start=\"516\" data-end=\"543\">Utilisation des donn\u00e9es<\/strong><br data-start=\"543\" data-end=\"546\" \/>Ces informations sont utilis\u00e9es uniquement pour r\u00e9pondre \u00e0 votre demande et ne sont pas utilis\u00e9es \u00e0 d\u2019autres fins commerciales ou transmises \u00e0 des tiers.<\/p><p data-start=\"701\" data-end=\"860\"><strong data-start=\"701\" data-end=\"729\">Conservation des donn\u00e9es<\/strong><br data-start=\"729\" data-end=\"732\" \/>Les donn\u00e9es envoy\u00e9es via le formulaire sont conserv\u00e9es pendant la dur\u00e9e n\u00e9cessaire au traitement de la demande, puis supprim\u00e9es.<\/p><p data-start=\"862\" data-end=\"1079\"><strong data-start=\"862\" data-end=\"889\">Droits des utilisateurs<\/strong><br data-start=\"889\" data-end=\"892\" \/>Conform\u00e9ment au RGPD, vous pouvez demander l\u2019acc\u00e8s, la rectification ou la suppression de vos donn\u00e9es personnelles \u00e0 tout moment, en envoyant un e-mail \u00e0 : lachaumuse@gmail.com<\/p><p data-start=\"1081\" data-end=\"1222\"><strong data-start=\"1081\" data-end=\"1092\">Cookies<\/strong><br data-start=\"1092\" data-end=\"1095\" \/>Le site peut utiliser des cookies techniques pour son bon fonctionnement. Aucun cookie de suivi ou publicitaire n\u2019est install\u00e9.<\/p><p data-start=\"1224\" data-end=\"1406\"><strong data-start=\"1224\" data-end=\"1235\">Contact<\/strong><br data-start=\"1235\" data-end=\"1238\" \/>Pour toute question concernant la politique de confidentialit\u00e9 ou le traitement de vos donn\u00e9es, vous pouvez nous contacter \u00e0 l\u2019adresse : lachaumuse@gmail.com<\/p>\t\t\t\t\t\t\t\t<\/div>\n\t\t\t\t\t<\/div>\n\t\t\t\t<\/div>\n\t\t\t\t<\/div>\n\t\t","protected":false},"excerpt":{"rendered":"<p>Collecte des informations personnellesLe site https:\/\/lachaumuse.fr\/ ne collecte des informations personnelles que via le formulaire de contact. Les donn\u00e9es collect\u00e9es sont : Nom Adresse e-mail Message Utilisation des donn\u00e9esCes informations sont utilis\u00e9es uniquement pour r\u00e9pondre \u00e0 votre demande et ne sont pas utilis\u00e9es \u00e0 d\u2019autres fins commerciales ou transmises \u00e0 des tiers. Conservation des donn\u00e9esLes [&hellip;]<\/p>\n","protected":false},"author":1,"featured_media":0,"parent":0,"menu_order":0,"comment_status":"closed","ping_status":"closed","template":"","meta":{"footnotes":""},"class_list":["post-381","page","type-page","status-publish","hentry"],"_links":{"self":[{"href":"https:\/\/lachaumuse.fr\/index.php\/wp-json\/wp\/v2\/pages\/381","targetHints":{"allow":["GET"]}}],"collection":[{"href":"https:\/\/lachaumuse.fr\/index.php\/wp-json\/wp\/v2\/pages"}],"about":[{"href":"https:\/\/lachaumuse.fr\/index.php\/wp-json\/wp\/v2\/types\/page"}],"author":[{"embeddable":true,"href":"https:\/\/lachaumuse.fr\/index.php\/wp-json\/wp\/v2\/users\/1"}],"replies":[{"embeddable":true,"href":"https:\/\/lachaumuse.fr\/index.php\/wp-json\/wp\/v2\/comments?post=381"}],"version-history":[{"count":7,"href":"https:\/\/lachaumuse.fr\/index.php\/wp-json\/wp\/v2\/pages\/381\/revisions"}],"predecessor-version":[{"id":407,"href":"https:\/\/lachaumuse.fr\/index.php\/wp-json\/wp\/v2\/pages\/381\/revisions\/407"}],"wp:attachment":[{"href":"https:\/\/lachaumuse.fr\/index.php\/wp-json\/wp\/v2\/media?parent=381"}],"curies":[{"name":"wp","href":"https:\/\/api.w.org\/{rel}","templated":true}]}}