{"id":242,"date":"2025-07-12T10:59:37","date_gmt":"2025-07-12T08:59:37","guid":{"rendered":"https:\/\/lachaumuse.fr\/?page_id=242"},"modified":"2025-07-16T11:01:07","modified_gmt":"2025-07-16T09:01:07","slug":"decouvrir-la-region","status":"publish","type":"page","link":"https:\/\/lachaumuse.fr\/index.php\/decouvrir-la-region\/","title":{"rendered":"D\u00e9couvrir la r\u00e9gion"},"content":{"rendered":"\t\t<div data-elementor-type=\"wp-page\" data-elementor-id=\"242\" class=\"elementor elementor-242\">\n\t\t\t\t<div class=\"elementor-element elementor-element-a886aa e-con-full e-flex e-con e-parent\" data-id=\"a886aa\" data-element_type=\"container\">\n\t\t<div class=\"elementor-element elementor-element-109a127 e-con-full e-flex e-con e-child\" data-id=\"109a127\" data-element_type=\"container\" data-settings=\"{&quot;background_background&quot;:&quot;classic&quot;}\">\n\t\t\t\t<div class=\"elementor-element elementor-element-0bc37d9 elementor-invisible elementor-widget elementor-widget-heading\" data-id=\"0bc37d9\" data-element_type=\"widget\" data-settings=\"{&quot;_animation&quot;:&quot;fadeIn&quot;}\" data-widget_type=\"heading.default\">\n\t\t\t\t\t<h2 class=\"elementor-heading-title elementor-size-default\">D\u00e9couvrir la R\u00e9gion<\/h2>\t\t\t\t<\/div>\n\t\t\t\t<div class=\"elementor-element elementor-element-be87aef elementor-invisible elementor-widget elementor-widget-heading\" data-id=\"be87aef\" data-element_type=\"widget\" data-settings=\"{&quot;_animation&quot;:&quot;fadeIn&quot;}\" data-widget_type=\"heading.default\">\n\t\t\t\t\t<h2 class=\"elementor-heading-title elementor-size-default\">\u00c0 voir absolument autour de La Chaumuse \u00e0 Saint Benoit et Poitiers<\/h2>\t\t\t\t<\/div>\n\t\t\t\t<\/div>\n\t\t\t\t<\/div>\n\t\t<div class=\"elementor-element elementor-element-13f6c44 e-con-full e-flex e-con e-parent\" data-id=\"13f6c44\" data-element_type=\"container\">\n\t\t<div class=\"elementor-element elementor-element-2d99e171 e-con-full e-flex elementor-invisible e-con e-child\" data-id=\"2d99e171\" data-element_type=\"container\" data-settings=\"{&quot;animation&quot;:&quot;fadeIn&quot;}\">\n\t\t<div class=\"elementor-element elementor-element-6bfd7e5b e-con-full e-flex e-con e-child\" data-id=\"6bfd7e5b\" data-element_type=\"container\">\n\t\t\t\t<div class=\"elementor-element elementor-element-56710145 elementor-widget elementor-widget-image\" data-id=\"56710145\" data-element_type=\"widget\" data-widget_type=\"image.default\">\n\t\t\t\t\t\t\t\t\t\t\t\t\t\t\t<img fetchpriority=\"high\" decoding=\"async\" width=\"905\" height=\"686\" src=\"https:\/\/lachaumuse.fr\/wp-content\/uploads\/2025\/07\/photo_001_4b796068aae37-e1752150642929.jpg\" class=\"attachment-full size-full wp-image-155\" alt=\"\" srcset=\"https:\/\/lachaumuse.fr\/wp-content\/uploads\/2025\/07\/photo_001_4b796068aae37-e1752150642929.jpg 905w, https:\/\/lachaumuse.fr\/wp-content\/uploads\/2025\/07\/photo_001_4b796068aae37-e1752150642929-300x227.jpg 300w, https:\/\/lachaumuse.fr\/wp-content\/uploads\/2025\/07\/photo_001_4b796068aae37-e1752150642929-768x582.jpg 768w\" sizes=\"(max-width: 905px) 100vw, 905px\" \/>\t\t\t\t\t\t\t\t\t\t\t\t\t\t\t<\/div>\n\t\t\t\t<\/div>\n\t\t<div class=\"elementor-element elementor-element-2d51dff3 e-con-full e-flex e-con e-child\" data-id=\"2d51dff3\" data-element_type=\"container\">\n\t\t\t\t<div class=\"elementor-element elementor-element-52cede33 elementor-invisible elementor-widget elementor-widget-heading\" data-id=\"52cede33\" data-element_type=\"widget\" data-settings=\"{&quot;_animation&quot;:&quot;fadeIn&quot;}\" data-widget_type=\"heading.default\">\n\t\t\t\t\t<h2 class=\"elementor-heading-title elementor-size-default\">* Patrimoine &amp; Culture<\/h2>\t\t\t\t<\/div>\n\t\t\t\t<div class=\"elementor-element elementor-element-6654284c elementor-invisible elementor-widget elementor-widget-text-editor\" data-id=\"6654284c\" data-element_type=\"widget\" data-settings=\"{&quot;_animation&quot;:&quot;fadeIn&quot;}\" data-widget_type=\"text-editor.default\">\n\t\t\t\t\t\t\t\t\t<p><em data-start=\"622\" data-end=\"673\"><strong>L\u2019Abbaye de Saint-Beno\u00eet et le Dortoir des Moines<\/strong><br \/><br \/><\/em>Inscrite aux Monuments Historiques, l\u2019abbaye romane (XIe si\u00e8cle) accueille expositions et concerts toute l\u2019ann\u00e9e. Le Dortoir des Moines, r\u00e9cemment restaur\u00e9, est un lieu unique de manifestations artistiques, dans un cadre naturel et patrimonial remarquable.<\/p>\t\t\t\t\t\t\t\t<\/div>\n\t\t\t\t<div class=\"elementor-element elementor-element-148151fe elementor-mobile-align-left elementor-widget elementor-widget-button\" data-id=\"148151fe\" data-element_type=\"widget\" data-widget_type=\"button.default\">\n\t\t\t\t\t\t\t\t\t\t<a class=\"elementor-button elementor-button-link elementor-size-sm\" href=\"https:\/\/www.saint-benoit.fr\/\">\n\t\t\t\t\t\t<span class=\"elementor-button-content-wrapper\">\n\t\t\t\t\t\t<span class=\"elementor-button-icon\">\n\t\t\t\t<svg aria-hidden=\"true\" class=\"e-font-icon-svg e-fas-arrow-circle-right\" viewBox=\"0 0 512 512\" xmlns=\"http:\/\/www.w3.org\/2000\/svg\"><path d=\"M256 8c137 0 248 111 248 248S393 504 256 504 8 393 8 256 119 8 256 8zm-28.9 143.6l75.5 72.4H120c-13.3 0-24 10.7-24 24v16c0 13.3 10.7 24 24 24h182.6l-75.5 72.4c-9.7 9.3-9.9 24.8-.4 34.3l11 10.9c9.4 9.4 24.6 9.4 33.9 0L404.3 273c9.4-9.4 9.4-24.6 0-33.9L271.6 106.3c-9.4-9.4-24.6-9.4-33.9 0l-11 10.9c-9.5 9.6-9.3 25.1.4 34.4z\"><\/path><\/svg>\t\t\t<\/span>\n\t\t\t\t\t\t\t\t\t<span class=\"elementor-button-text\">Plus d\u2019infos sur le site de la ville<\/span>\n\t\t\t\t\t<\/span>\n\t\t\t\t\t<\/a>\n\t\t\t\t\t\t\t\t<\/div>\n\t\t\t\t<\/div>\n\t\t\t\t<\/div>\n\t\t<div class=\"elementor-element elementor-element-14fc3283 e-con-full e-flex elementor-invisible e-con e-child\" data-id=\"14fc3283\" data-element_type=\"container\" data-settings=\"{&quot;animation&quot;:&quot;fadeIn&quot;}\">\n\t\t<div class=\"elementor-element elementor-element-7750118f e-con-full e-flex e-con e-child\" data-id=\"7750118f\" data-element_type=\"container\">\n\t\t\t\t<div class=\"elementor-element elementor-element-1d4ac7a4 elementor-widget elementor-widget-image\" data-id=\"1d4ac7a4\" data-element_type=\"widget\" data-widget_type=\"image.default\">\n\t\t\t\t\t\t\t\t\t\t\t\t\t\t\t<img decoding=\"async\" width=\"1311\" height=\"874\" src=\"https:\/\/lachaumuse.fr\/wp-content\/uploads\/2025\/07\/DRONE-SAINT-BENOIT-1.webp\" class=\"attachment-full size-full wp-image-253\" alt=\"\" srcset=\"https:\/\/lachaumuse.fr\/wp-content\/uploads\/2025\/07\/DRONE-SAINT-BENOIT-1.webp 1311w, https:\/\/lachaumuse.fr\/wp-content\/uploads\/2025\/07\/DRONE-SAINT-BENOIT-1-300x200.webp 300w, https:\/\/lachaumuse.fr\/wp-content\/uploads\/2025\/07\/DRONE-SAINT-BENOIT-1-1024x683.webp 1024w, https:\/\/lachaumuse.fr\/wp-content\/uploads\/2025\/07\/DRONE-SAINT-BENOIT-1-768x512.webp 768w\" sizes=\"(max-width: 1311px) 100vw, 1311px\" \/>\t\t\t\t\t\t\t\t\t\t\t\t\t\t\t<\/div>\n\t\t\t\t<\/div>\n\t\t<div class=\"elementor-element elementor-element-66f697c3 e-con-full e-flex e-con e-child\" data-id=\"66f697c3\" data-element_type=\"container\">\n\t\t\t\t<div class=\"elementor-element elementor-element-62f4fbf0 elementor-invisible elementor-widget elementor-widget-heading\" data-id=\"62f4fbf0\" data-element_type=\"widget\" data-settings=\"{&quot;_animation&quot;:&quot;fadeIn&quot;}\" data-widget_type=\"heading.default\">\n\t\t\t\t\t<h2 class=\"elementor-heading-title elementor-size-default\">* Nature &amp; Balades<\/h2>\t\t\t\t<\/div>\n\t\t\t\t<div class=\"elementor-element elementor-element-6b46d92a elementor-invisible elementor-widget elementor-widget-text-editor\" data-id=\"6b46d92a\" data-element_type=\"widget\" data-settings=\"{&quot;_animation&quot;:&quot;fadeIn&quot;}\" data-widget_type=\"text-editor.default\">\n\t\t\t\t\t\t\t\t\t<p><strong>\u00a0<em data-start=\"1178\" data-end=\"1217\">Jardin d\u2019Images &amp; Vall\u00e9e des L\u00e9gendes<\/em><\/strong><\/p><p>Pour une balade en pleine nature, d\u00e9couvrez le Jardin d\u2019Images, un espace unique de d\u00e9tente, d\u2019expositions en plein air et de d\u00e9couverte botanique. Avec la Vall\u00e9e des L\u00e9gendes, vivez une aventure en famille sur les rives du Clain, gr\u00e2ce \u00e0 un parcours interactif peupl\u00e9 de trolls, elfes, f\u00e9es et autres cr\u00e9atures magiques !<\/p>\t\t\t\t\t\t\t\t<\/div>\n\t\t\t\t<div class=\"elementor-element elementor-element-57cc564e elementor-mobile-align-left elementor-widget elementor-widget-button\" data-id=\"57cc564e\" data-element_type=\"widget\" data-widget_type=\"button.default\">\n\t\t\t\t\t\t\t\t\t\t<a class=\"elementor-button elementor-button-link elementor-size-sm\" href=\"https:\/\/visitpoitiers.fr\/activite\/la-vallee-des-legendes\/\">\n\t\t\t\t\t\t<span class=\"elementor-button-content-wrapper\">\n\t\t\t\t\t\t<span class=\"elementor-button-icon\">\n\t\t\t\t<svg aria-hidden=\"true\" class=\"e-font-icon-svg e-fas-arrow-circle-right\" viewBox=\"0 0 512 512\" xmlns=\"http:\/\/www.w3.org\/2000\/svg\"><path d=\"M256 8c137 0 248 111 248 248S393 504 256 504 8 393 8 256 119 8 256 8zm-28.9 143.6l75.5 72.4H120c-13.3 0-24 10.7-24 24v16c0 13.3 10.7 24 24 24h182.6l-75.5 72.4c-9.7 9.3-9.9 24.8-.4 34.3l11 10.9c9.4 9.4 24.6 9.4 33.9 0L404.3 273c9.4-9.4 9.4-24.6 0-33.9L271.6 106.3c-9.4-9.4-24.6-9.4-33.9 0l-11 10.9c-9.5 9.6-9.3 25.1.4 34.4z\"><\/path><\/svg>\t\t\t<\/span>\n\t\t\t\t\t\t\t\t\t<span class=\"elementor-button-text\">: T\u00e9l\u00e9charger l\u2019application \u201cVall\u00e9e des L\u00e9gendes\u201d<\/span>\n\t\t\t\t\t<\/span>\n\t\t\t\t\t<\/a>\n\t\t\t\t\t\t\t\t<\/div>\n\t\t\t\t<\/div>\n\t\t\t\t<\/div>\n\t\t<div class=\"elementor-element elementor-element-4f380b3 e-con-full e-flex elementor-invisible e-con e-child\" data-id=\"4f380b3\" data-element_type=\"container\" data-settings=\"{&quot;animation&quot;:&quot;fadeIn&quot;}\">\n\t\t<div class=\"elementor-element elementor-element-29f3c4e0 e-con-full e-flex e-con e-child\" data-id=\"29f3c4e0\" data-element_type=\"container\">\n\t\t\t\t<div class=\"elementor-element elementor-element-6c4c8e63 elementor-widget elementor-widget-image\" data-id=\"6c4c8e63\" data-element_type=\"widget\" data-widget_type=\"image.default\">\n\t\t\t\t\t\t\t\t\t\t\t\t\t\t\t<img decoding=\"async\" width=\"2560\" height=\"1708\" src=\"https:\/\/lachaumuse.fr\/wp-content\/uploads\/2025\/07\/11210135Hotel_de_ville_Poitiers-scaled.jpg\" class=\"attachment-full size-full wp-image-254\" alt=\"\" srcset=\"https:\/\/lachaumuse.fr\/wp-content\/uploads\/2025\/07\/11210135Hotel_de_ville_Poitiers-scaled.jpg 2560w, https:\/\/lachaumuse.fr\/wp-content\/uploads\/2025\/07\/11210135Hotel_de_ville_Poitiers-300x200.jpg 300w, https:\/\/lachaumuse.fr\/wp-content\/uploads\/2025\/07\/11210135Hotel_de_ville_Poitiers-1024x683.jpg 1024w, https:\/\/lachaumuse.fr\/wp-content\/uploads\/2025\/07\/11210135Hotel_de_ville_Poitiers-768x512.jpg 768w, https:\/\/lachaumuse.fr\/wp-content\/uploads\/2025\/07\/11210135Hotel_de_ville_Poitiers-1536x1025.jpg 1536w, https:\/\/lachaumuse.fr\/wp-content\/uploads\/2025\/07\/11210135Hotel_de_ville_Poitiers-2048x1366.jpg 2048w\" sizes=\"(max-width: 2560px) 100vw, 2560px\" \/>\t\t\t\t\t\t\t\t\t\t\t\t\t\t\t<\/div>\n\t\t\t\t<\/div>\n\t\t<div class=\"elementor-element elementor-element-36538c1c e-con-full e-flex e-con e-child\" data-id=\"36538c1c\" data-element_type=\"container\">\n\t\t\t\t<div class=\"elementor-element elementor-element-5b392218 elementor-invisible elementor-widget elementor-widget-heading\" data-id=\"5b392218\" data-element_type=\"widget\" data-settings=\"{&quot;_animation&quot;:&quot;fadeIn&quot;}\" data-widget_type=\"heading.default\">\n\t\t\t\t\t<h2 class=\"elementor-heading-title elementor-size-default\">*Ville &amp; Histoire<\/h2>\t\t\t\t<\/div>\n\t\t\t\t<div class=\"elementor-element elementor-element-5ef7fb56 elementor-invisible elementor-widget elementor-widget-text-editor\" data-id=\"5ef7fb56\" data-element_type=\"widget\" data-settings=\"{&quot;_animation&quot;:&quot;fadeIn&quot;}\" data-widget_type=\"text-editor.default\">\n\t\t\t\t\t\t\t\t\t<p><strong><em data-start=\"1873\" data-end=\"1907\">Poitiers, Chauvigny, Futuroscope<\/em><\/strong><\/p><p>\u00c0 moins de 10 minutes, Poitiers, \u201cpremi\u00e8re capitale romane de France\u201d, est un joyau d\u2019architecture et d\u2019histoire \u00e0 explorer (centre-ville, mus\u00e9es, march\u00e9s\u2026). Envie de voyage dans le temps ? Partez \u00e0 Chauvigny, sa cit\u00e9 m\u00e9di\u00e9vale et ses ch\u00e2teaux ! Pour les petits et les grands enfants, le parc du Futuroscope promet une journ\u00e9e de d\u00e9couvertes et d\u2019exp\u00e9riences.<\/p>\t\t\t\t\t\t\t\t<\/div>\n\t\t\t\t<div class=\"elementor-element elementor-element-36a81ebd elementor-mobile-align-left elementor-widget elementor-widget-button\" data-id=\"36a81ebd\" data-element_type=\"widget\" data-widget_type=\"button.default\">\n\t\t\t\t\t\t\t\t\t\t<a class=\"elementor-button elementor-button-link elementor-size-sm\" href=\"https:\/\/www.visitpoitiers.fr\/\">\n\t\t\t\t\t\t<span class=\"elementor-button-content-wrapper\">\n\t\t\t\t\t\t<span class=\"elementor-button-icon\">\n\t\t\t\t<svg aria-hidden=\"true\" class=\"e-font-icon-svg e-fas-arrow-circle-right\" viewBox=\"0 0 512 512\" xmlns=\"http:\/\/www.w3.org\/2000\/svg\"><path d=\"M256 8c137 0 248 111 248 248S393 504 256 504 8 393 8 256 119 8 256 8zm-28.9 143.6l75.5 72.4H120c-13.3 0-24 10.7-24 24v16c0 13.3 10.7 24 24 24h182.6l-75.5 72.4c-9.7 9.3-9.9 24.8-.4 34.3l11 10.9c9.4 9.4 24.6 9.4 33.9 0L404.3 273c9.4-9.4 9.4-24.6 0-33.9L271.6 106.3c-9.4-9.4-24.6-9.4-33.9 0l-11 10.9c-9.5 9.6-9.3 25.1.4 34.4z\"><\/path><\/svg>\t\t\t<\/span>\n\t\t\t\t\t\t\t\t\t<span class=\"elementor-button-text\">Site de l\u2019office du tourisme<\/span>\n\t\t\t\t\t<\/span>\n\t\t\t\t\t<\/a>\n\t\t\t\t\t\t\t\t<\/div>\n\t\t\t\t<\/div>\n\t\t\t\t<\/div>\n\t\t<div class=\"elementor-element elementor-element-e7757f7 e-con-full e-flex elementor-invisible e-con e-child\" data-id=\"e7757f7\" data-element_type=\"container\" data-settings=\"{&quot;animation&quot;:&quot;fadeIn&quot;}\">\n\t\t<div class=\"elementor-element elementor-element-7c3a367 e-con-full e-flex e-con e-child\" data-id=\"7c3a367\" data-element_type=\"container\">\n\t\t\t\t<div class=\"elementor-element elementor-element-e078dbe elementor-widget elementor-widget-image\" data-id=\"e078dbe\" data-element_type=\"widget\" data-widget_type=\"image.default\">\n\t\t\t\t\t\t\t\t\t\t\t\t\t\t\t<img loading=\"lazy\" decoding=\"async\" width=\"1020\" height=\"573\" src=\"https:\/\/lachaumuse.fr\/wp-content\/uploads\/2025\/07\/64e35ef64437255c4e8b4616.jpg\" class=\"attachment-full size-full wp-image-255\" alt=\"\" srcset=\"https:\/\/lachaumuse.fr\/wp-content\/uploads\/2025\/07\/64e35ef64437255c4e8b4616.jpg 1020w, https:\/\/lachaumuse.fr\/wp-content\/uploads\/2025\/07\/64e35ef64437255c4e8b4616-300x169.jpg 300w, https:\/\/lachaumuse.fr\/wp-content\/uploads\/2025\/07\/64e35ef64437255c4e8b4616-768x431.jpg 768w\" sizes=\"(max-width: 1020px) 100vw, 1020px\" \/>\t\t\t\t\t\t\t\t\t\t\t\t\t\t\t<\/div>\n\t\t\t\t<\/div>\n\t\t<div class=\"elementor-element elementor-element-667ad57 e-con-full e-flex e-con e-child\" data-id=\"667ad57\" data-element_type=\"container\">\n\t\t\t\t<div class=\"elementor-element elementor-element-b73071a elementor-invisible elementor-widget elementor-widget-heading\" data-id=\"b73071a\" data-element_type=\"widget\" data-settings=\"{&quot;_animation&quot;:&quot;fadeIn&quot;}\" data-widget_type=\"heading.default\">\n\t\t\t\t\t<h2 class=\"elementor-heading-title elementor-size-default\">*Activit\u00e9s Nature<\/h2>\t\t\t\t<\/div>\n\t\t\t\t<div class=\"elementor-element elementor-element-0601eaa elementor-invisible elementor-widget elementor-widget-text-editor\" data-id=\"0601eaa\" data-element_type=\"widget\" data-settings=\"{&quot;_animation&quot;:&quot;fadeIn&quot;}\" data-widget_type=\"text-editor.default\">\n\t\t\t\t\t\t\t\t\t<p><strong><em>Randonn\u00e9es &amp; Activit\u00e9s de plein air<\/em><\/strong><\/p><p>Envie de prendre l\u2019air ? Explorez plus de 20 randonn\u00e9es autour de Saint-Beno\u00eet, partez en balade en cano\u00eb ou en paddle sur la rivi\u00e8re (500m de La Chaumuse), ou testez l\u2019accrobranche \u00e0 la Vall\u00e9e des L\u00e9gendes. De quoi se ressourcer en pleine nature !<\/p>\t\t\t\t\t\t\t\t<\/div>\n\t\t\t\t<div class=\"elementor-element elementor-element-5ab4e29 elementor-mobile-align-left elementor-widget elementor-widget-button\" data-id=\"5ab4e29\" data-element_type=\"widget\" data-widget_type=\"button.default\">\n\t\t\t\t\t\t\t\t\t\t<a class=\"elementor-button elementor-button-link elementor-size-sm\" href=\"https:\/\/www.ville-saint-benoit.fr\/visiter-saint-benoit\/loisirs-et-activites.html\">\n\t\t\t\t\t\t<span class=\"elementor-button-content-wrapper\">\n\t\t\t\t\t\t<span class=\"elementor-button-icon\">\n\t\t\t\t<svg aria-hidden=\"true\" class=\"e-font-icon-svg e-fas-arrow-circle-right\" viewBox=\"0 0 512 512\" xmlns=\"http:\/\/www.w3.org\/2000\/svg\"><path d=\"M256 8c137 0 248 111 248 248S393 504 256 504 8 393 8 256 119 8 256 8zm-28.9 143.6l75.5 72.4H120c-13.3 0-24 10.7-24 24v16c0 13.3 10.7 24 24 24h182.6l-75.5 72.4c-9.7 9.3-9.9 24.8-.4 34.3l11 10.9c9.4 9.4 24.6 9.4 33.9 0L404.3 273c9.4-9.4 9.4-24.6 0-33.9L271.6 106.3c-9.4-9.4-24.6-9.4-33.9 0l-11 10.9c-9.5 9.6-9.3 25.1.4 34.4z\"><\/path><\/svg>\t\t\t<\/span>\n\t\t\t\t\t\t\t\t\t<span class=\"elementor-button-text\">Voir les activit\u00e9s \u00e0 Saint Benoit<\/span>\n\t\t\t\t\t<\/span>\n\t\t\t\t\t<\/a>\n\t\t\t\t\t\t\t\t<\/div>\n\t\t\t\t<\/div>\n\t\t\t\t<\/div>\n\t\t<div class=\"elementor-element elementor-element-b3cabc2 e-con-full e-flex elementor-invisible e-con e-child\" data-id=\"b3cabc2\" data-element_type=\"container\" data-settings=\"{&quot;animation&quot;:&quot;fadeIn&quot;}\">\n\t\t<div class=\"elementor-element elementor-element-20258f1 e-con-full e-flex e-con e-child\" data-id=\"20258f1\" data-element_type=\"container\">\n\t\t\t\t<div class=\"elementor-element elementor-element-946624e elementor-widget elementor-widget-image\" data-id=\"946624e\" data-element_type=\"widget\" data-widget_type=\"image.default\">\n\t\t\t\t\t\t\t\t\t\t\t\t\t\t\t<img loading=\"lazy\" decoding=\"async\" width=\"1400\" height=\"933\" src=\"https:\/\/lachaumuse.fr\/wp-content\/uploads\/2025\/07\/Musee_du_macaron_a_Montmorillon-Agence_Zebrelle-13372-1400x933-1.jpg\" class=\"attachment-full size-full wp-image-256\" alt=\"\" srcset=\"https:\/\/lachaumuse.fr\/wp-content\/uploads\/2025\/07\/Musee_du_macaron_a_Montmorillon-Agence_Zebrelle-13372-1400x933-1.jpg 1400w, https:\/\/lachaumuse.fr\/wp-content\/uploads\/2025\/07\/Musee_du_macaron_a_Montmorillon-Agence_Zebrelle-13372-1400x933-1-300x200.jpg 300w, https:\/\/lachaumuse.fr\/wp-content\/uploads\/2025\/07\/Musee_du_macaron_a_Montmorillon-Agence_Zebrelle-13372-1400x933-1-1024x682.jpg 1024w, https:\/\/lachaumuse.fr\/wp-content\/uploads\/2025\/07\/Musee_du_macaron_a_Montmorillon-Agence_Zebrelle-13372-1400x933-1-768x512.jpg 768w\" sizes=\"(max-width: 1400px) 100vw, 1400px\" \/>\t\t\t\t\t\t\t\t\t\t\t\t\t\t\t<\/div>\n\t\t\t\t<\/div>\n\t\t<div class=\"elementor-element elementor-element-22cb661 e-con-full e-flex e-con e-child\" data-id=\"22cb661\" data-element_type=\"container\">\n\t\t\t\t<div class=\"elementor-element elementor-element-0786575 elementor-invisible elementor-widget elementor-widget-heading\" data-id=\"0786575\" data-element_type=\"widget\" data-settings=\"{&quot;_animation&quot;:&quot;fadeIn&quot;}\" data-widget_type=\"heading.default\">\n\t\t\t\t\t<h2 class=\"elementor-heading-title elementor-size-default\">*Saveurs Locales<\/h2>\t\t\t\t<\/div>\n\t\t\t\t<div class=\"elementor-element elementor-element-e8a62ba elementor-invisible elementor-widget elementor-widget-text-editor\" data-id=\"e8a62ba\" data-element_type=\"widget\" data-settings=\"{&quot;_animation&quot;:&quot;fadeIn&quot;}\" data-widget_type=\"text-editor.default\">\n\t\t\t\t\t\t\t\t\t<p><strong><em data-start=\"3021\" data-end=\"3042\">Go\u00fbtez au terroir !<\/em><\/strong><\/p><p>Ne repartez pas sans avoir go\u00fbt\u00e9 (ou emport\u00e9 !) les sp\u00e9cialit\u00e9s de la r\u00e9gion : macarons de Montmorillon, galettes poitevines, tourteau fromager, bi\u00e8re artisanale, scofa\u2026 Les march\u00e9s de Saint-Beno\u00eet et de Poitiers sont l\u2019endroit parfait pour d\u00e9nicher ces tr\u00e9sors gourmands.<\/p>\t\t\t\t\t\t\t\t<\/div>\n\t\t\t\t<div class=\"elementor-element elementor-element-8845d0c elementor-mobile-align-left elementor-widget elementor-widget-button\" data-id=\"8845d0c\" data-element_type=\"widget\" data-widget_type=\"button.default\">\n\t\t\t\t\t\t\t\t\t\t<a class=\"elementor-button elementor-button-link elementor-size-sm\" href=\"https:\/\/www.airbnb.fr\/s\/guidebooks?refinement_paths%5B%5D=%2Fguidebooks%2F5533186&#038;s=67&#038;unique_share_id=cf7ba8fe-c870-4eae-a930-427ea9a6658a\">\n\t\t\t\t\t\t<span class=\"elementor-button-content-wrapper\">\n\t\t\t\t\t\t<span class=\"elementor-button-icon\">\n\t\t\t\t<svg aria-hidden=\"true\" class=\"e-font-icon-svg e-fas-arrow-circle-right\" viewBox=\"0 0 512 512\" xmlns=\"http:\/\/www.w3.org\/2000\/svg\"><path d=\"M256 8c137 0 248 111 248 248S393 504 256 504 8 393 8 256 119 8 256 8zm-28.9 143.6l75.5 72.4H120c-13.3 0-24 10.7-24 24v16c0 13.3 10.7 24 24 24h182.6l-75.5 72.4c-9.7 9.3-9.9 24.8-.4 34.3l11 10.9c9.4 9.4 24.6 9.4 33.9 0L404.3 273c9.4-9.4 9.4-24.6 0-33.9L271.6 106.3c-9.4-9.4-24.6-9.4-33.9 0l-11 10.9c-9.5 9.6-9.3 25.1.4 34.4z\"><\/path><\/svg>\t\t\t<\/span>\n\t\t\t\t\t\t\t\t\t<span class=\"elementor-button-text\">Nos bonnes adresses de restaurants locaux<\/span>\n\t\t\t\t\t<\/span>\n\t\t\t\t\t<\/a>\n\t\t\t\t\t\t\t\t<\/div>\n\t\t\t\t<\/div>\n\t\t\t\t<\/div>\n\t\t<div class=\"elementor-element elementor-element-d652014 e-con-full e-flex elementor-invisible e-con e-child\" data-id=\"d652014\" data-element_type=\"container\" data-settings=\"{&quot;animation&quot;:&quot;fadeIn&quot;}\">\n\t\t<div class=\"elementor-element elementor-element-781dc8e e-con-full e-flex e-con e-child\" data-id=\"781dc8e\" data-element_type=\"container\">\n\t\t\t\t<div class=\"elementor-element elementor-element-01611ef elementor-widget elementor-widget-image\" data-id=\"01611ef\" data-element_type=\"widget\" data-widget_type=\"image.default\">\n\t\t\t\t\t\t\t\t\t\t\t\t\t\t\t<img decoding=\"async\" width=\"2560\" height=\"1708\" src=\"https:\/\/lachaumuse.fr\/wp-content\/uploads\/2025\/07\/11210135Hotel_de_ville_Poitiers-scaled.jpg\" class=\"attachment-full size-full wp-image-254\" alt=\"\" srcset=\"https:\/\/lachaumuse.fr\/wp-content\/uploads\/2025\/07\/11210135Hotel_de_ville_Poitiers-scaled.jpg 2560w, https:\/\/lachaumuse.fr\/wp-content\/uploads\/2025\/07\/11210135Hotel_de_ville_Poitiers-300x200.jpg 300w, https:\/\/lachaumuse.fr\/wp-content\/uploads\/2025\/07\/11210135Hotel_de_ville_Poitiers-1024x683.jpg 1024w, https:\/\/lachaumuse.fr\/wp-content\/uploads\/2025\/07\/11210135Hotel_de_ville_Poitiers-768x512.jpg 768w, https:\/\/lachaumuse.fr\/wp-content\/uploads\/2025\/07\/11210135Hotel_de_ville_Poitiers-1536x1025.jpg 1536w, https:\/\/lachaumuse.fr\/wp-content\/uploads\/2025\/07\/11210135Hotel_de_ville_Poitiers-2048x1366.jpg 2048w\" sizes=\"(max-width: 2560px) 100vw, 2560px\" \/>\t\t\t\t\t\t\t\t\t\t\t\t\t\t\t<\/div>\n\t\t\t\t<\/div>\n\t\t<div class=\"elementor-element elementor-element-16a7482 e-con-full e-flex e-con e-child\" data-id=\"16a7482\" data-element_type=\"container\">\n\t\t\t\t<div class=\"elementor-element elementor-element-6980391 elementor-invisible elementor-widget elementor-widget-heading\" data-id=\"6980391\" data-element_type=\"widget\" data-settings=\"{&quot;_animation&quot;:&quot;fadeIn&quot;}\" data-widget_type=\"heading.default\">\n\t\t\t\t\t<h2 class=\"elementor-heading-title elementor-size-default\">*Sortir &amp; Se D\u00e9tendre<\/h2>\t\t\t\t<\/div>\n\t\t\t\t<div class=\"elementor-element elementor-element-679c4d5 elementor-invisible elementor-widget elementor-widget-text-editor\" data-id=\"679c4d5\" data-element_type=\"widget\" data-settings=\"{&quot;_animation&quot;:&quot;fadeIn&quot;}\" data-widget_type=\"text-editor.default\">\n\t\t\t\t\t\t\t\t\t<p><em><strong>Spa, cin\u00e9ma, escape game, bowling, guinguette<\/strong><\/em><\/p><p>Quand la m\u00e9t\u00e9o ne suit pas, laissez-vous tenter par un spa, une partie de bowling, un escape game ou une soir\u00e9e \u00e0 la guinguette du coin ! Les adresses et id\u00e9es ne manquent pas pour partager de bons moments entre amis ou en famille, \u00e9t\u00e9 comme hiver.<\/p>\t\t\t\t\t\t\t\t<\/div>\n\t\t\t\t<div class=\"elementor-element elementor-element-5edfc69 elementor-mobile-align-left elementor-widget elementor-widget-button\" data-id=\"5edfc69\" data-element_type=\"widget\" data-widget_type=\"button.default\">\n\t\t\t\t\t\t\t\t\t\t<a class=\"elementor-button elementor-button-link elementor-size-sm\" href=\"https:\/\/www.ville-saint-benoit.fr\/visiter-saint-benoit\/loisirs-et-activites.html\">\n\t\t\t\t\t\t<span class=\"elementor-button-content-wrapper\">\n\t\t\t\t\t\t<span class=\"elementor-button-icon\">\n\t\t\t\t<svg aria-hidden=\"true\" class=\"e-font-icon-svg e-fas-arrow-circle-right\" viewBox=\"0 0 512 512\" xmlns=\"http:\/\/www.w3.org\/2000\/svg\"><path d=\"M256 8c137 0 248 111 248 248S393 504 256 504 8 393 8 256 119 8 256 8zm-28.9 143.6l75.5 72.4H120c-13.3 0-24 10.7-24 24v16c0 13.3 10.7 24 24 24h182.6l-75.5 72.4c-9.7 9.3-9.9 24.8-.4 34.3l11 10.9c9.4 9.4 24.6 9.4 33.9 0L404.3 273c9.4-9.4 9.4-24.6 0-33.9L271.6 106.3c-9.4-9.4-24.6-9.4-33.9 0l-11 10.9c-9.5 9.6-9.3 25.1.4 34.4z\"><\/path><\/svg>\t\t\t<\/span>\n\t\t\t\t\t\t\t\t\t<span class=\"elementor-button-text\">Site de l\u2019office du tourisme<\/span>\n\t\t\t\t\t<\/span>\n\t\t\t\t\t<\/a>\n\t\t\t\t\t\t\t\t<\/div>\n\t\t\t\t<\/div>\n\t\t\t\t<\/div>\n\t\t\t\t<\/div>\n\t\t\t\t<\/div>\n\t\t","protected":false},"excerpt":{"rendered":"<p>D\u00e9couvrir la R\u00e9gion \u00c0 voir absolument autour de La Chaumuse \u00e0 Saint Benoit et Poitiers * Patrimoine &amp; Culture L\u2019Abbaye de Saint-Beno\u00eet et le Dortoir des Moines Inscrite aux Monuments Historiques, l\u2019abbaye romane (XIe si\u00e8cle) accueille expositions et concerts toute l\u2019ann\u00e9e. Le Dortoir des Moines, r\u00e9cemment restaur\u00e9, est un lieu unique de manifestations artistiques, dans [&hellip;]<\/p>\n","protected":false},"author":1,"featured_media":0,"parent":0,"menu_order":0,"comment_status":"closed","ping_status":"closed","template":"","meta":{"footnotes":""},"class_list":["post-242","page","type-page","status-publish","hentry"],"_links":{"self":[{"href":"https:\/\/lachaumuse.fr\/index.php\/wp-json\/wp\/v2\/pages\/242","targetHints":{"allow":["GET"]}}],"collection":[{"href":"https:\/\/lachaumuse.fr\/index.php\/wp-json\/wp\/v2\/pages"}],"about":[{"href":"https:\/\/lachaumuse.fr\/index.php\/wp-json\/wp\/v2\/types\/page"}],"author":[{"embeddable":true,"href":"https:\/\/lachaumuse.fr\/index.php\/wp-json\/wp\/v2\/users\/1"}],"replies":[{"embeddable":true,"href":"https:\/\/lachaumuse.fr\/index.php\/wp-json\/wp\/v2\/comments?post=242"}],"version-history":[{"count":13,"href":"https:\/\/lachaumuse.fr\/index.php\/wp-json\/wp\/v2\/pages\/242\/revisions"}],"predecessor-version":[{"id":307,"href":"https:\/\/lachaumuse.fr\/index.php\/wp-json\/wp\/v2\/pages\/242\/revisions\/307"}],"wp:attachment":[{"href":"https:\/\/lachaumuse.fr\/index.php\/wp-json\/wp\/v2\/media?parent=242"}],"curies":[{"name":"wp","href":"https:\/\/api.w.org\/{rel}","templated":true}]}}