{"id":229,"date":"2025-07-11T15:52:10","date_gmt":"2025-07-11T13:52:10","guid":{"rendered":"https:\/\/lachaumuse.fr\/?page_id=229"},"modified":"2025-08-14T15:25:31","modified_gmt":"2025-08-14T13:25:31","slug":"presentation","status":"publish","type":"page","link":"https:\/\/lachaumuse.fr\/index.php\/presentation\/","title":{"rendered":"Pr\u00e9sentation"},"content":{"rendered":"\t\t<div data-elementor-type=\"wp-page\" data-elementor-id=\"229\" class=\"elementor elementor-229\">\n\t\t\t\t<div class=\"elementor-element elementor-element-1f7dbf41 e-con-full e-flex e-con e-parent\" data-id=\"1f7dbf41\" data-element_type=\"container\">\n\t\t<div class=\"elementor-element elementor-element-43999781 e-con-full e-flex elementor-invisible e-con e-child\" data-id=\"43999781\" data-element_type=\"container\" data-settings=\"{&quot;background_background&quot;:&quot;classic&quot;,&quot;animation&quot;:&quot;fadeInUp&quot;}\">\n\t\t\t\t<div class=\"elementor-element elementor-element-4129a376 elementor-align-center elementor-widget elementor-widget-button\" data-id=\"4129a376\" data-element_type=\"widget\" data-widget_type=\"button.default\">\n\t\t\t\t\t\t\t\t\t\t<a class=\"elementor-button elementor-button-link elementor-size-sm\" href=\"#\">\n\t\t\t\t\t\t<span class=\"elementor-button-content-wrapper\">\n\t\t\t\t\t\t<span class=\"elementor-button-icon\">\n\t\t\t\t<svg aria-hidden=\"true\" class=\"e-font-icon-svg e-fas-play-circle\" viewBox=\"0 0 512 512\" xmlns=\"http:\/\/www.w3.org\/2000\/svg\"><path d=\"M256 8C119 8 8 119 8 256s111 248 248 248 248-111 248-248S393 8 256 8zm115.7 272l-176 101c-15.8 8.8-35.7-2.5-35.7-21V152c0-18.4 19.8-29.8 35.7-21l176 107c16.4 9.2 16.4 32.9 0 42z\"><\/path><\/svg>\t\t\t<\/span>\n\t\t\t\t\t\t\t\t<\/span>\n\t\t\t\t\t<\/a>\n\t\t\t\t\t\t\t\t<\/div>\n\t\t\t\t<\/div>\n\t\t<div class=\"elementor-element elementor-element-83d7e05 e-con-full e-flex e-con e-child\" data-id=\"83d7e05\" data-element_type=\"container\" data-settings=\"{&quot;background_background&quot;:&quot;classic&quot;}\">\n\t\t\t\t<div class=\"elementor-element elementor-element-3872f028 elementor-invisible elementor-widget elementor-widget-heading\" data-id=\"3872f028\" data-element_type=\"widget\" data-settings=\"{&quot;_animation&quot;:&quot;fadeIn&quot;}\" data-widget_type=\"heading.default\">\n\t\t\t\t\t<h2 class=\"elementor-heading-title elementor-size-default\"> La Chaumuse<\/h2>\t\t\t\t<\/div>\n\t\t\t\t<div class=\"elementor-element elementor-element-19abe791 elementor-invisible elementor-widget elementor-widget-heading\" data-id=\"19abe791\" data-element_type=\"widget\" data-settings=\"{&quot;_animation&quot;:&quot;fadeIn&quot;}\" data-widget_type=\"heading.default\">\n\t\t\t\t\t<h2 class=\"elementor-heading-title elementor-size-default\">Un lieu charg\u00e9 d\u2019histoire, au c\u0153ur de Saint-Beno\u00eet<\/h2>\t\t\t\t<\/div>\n\t\t\t\t<\/div>\n\t\t\t\t<\/div>\n\t\t<div class=\"elementor-element elementor-element-3c49ca09 e-con-full e-flex e-con e-parent\" data-id=\"3c49ca09\" data-element_type=\"container\">\n\t\t<div class=\"elementor-element elementor-element-33651226 e-con-full e-flex e-con e-child\" data-id=\"33651226\" data-element_type=\"container\" data-settings=\"{&quot;background_background&quot;:&quot;classic&quot;}\">\n\t\t\t\t<div class=\"elementor-element elementor-element-15229d60 elementor-widget__width-initial elementor-widget-tablet__width-initial elementor-invisible elementor-widget elementor-widget-text-editor\" data-id=\"15229d60\" data-element_type=\"widget\" data-settings=\"{&quot;_animation&quot;:&quot;fadeIn&quot;}\" data-widget_type=\"text-editor.default\">\n\t\t\t\t\t\t\t\t\t<p>Nich\u00e9e \u00e0 Saint-Beno\u00eet, pr\u00e8s de Poitiers, Chaumuse est une \u00e9l\u00e9gante maison d\u2019architecture de vill\u00e9giature du XIXe si\u00e8cle, connue pour son d\u00e9cor de briques rouges, ses balcons en bois et ses souvenirs d\u2019artistes. Ce lieu authentique a travers\u00e9 les \u00e9poques et inspir\u00e9 peintres et voyageurs.<\/p><h3 data-start=\"557\" data-end=\"592\"><strong data-start=\"561\" data-end=\"592\">Ce qui rend Chaumuse unique<\/strong><\/h3><ul data-start=\"594\" data-end=\"1504\"><li data-start=\"594\" data-end=\"840\"><p data-start=\"596\" data-end=\"840\"><strong data-start=\"596\" data-end=\"621\">Patrimoine historique<\/strong><br data-start=\"621\" data-end=\"624\" \/>Construite dans la seconde moiti\u00e9 du XIXe si\u00e8cle, Chaumuse a vu passer de nombreux artistes et personnalit\u00e9s, comme Pierre Puvis de Chavannes, c\u00e9l\u00e8bre peintre invit\u00e9 par l\u2019h\u00f4tel de ville de Poitiers au XIXe si\u00e8cle.<\/p><\/li><li data-start=\"842\" data-end=\"1088\"><p data-start=\"844\" data-end=\"1088\"><strong data-start=\"844\" data-end=\"869\">Une maison d\u2019artistes<\/strong><br data-start=\"869\" data-end=\"872\" \/>L\u2019histoire du lieu est marqu\u00e9e par la passion artistique,\u00a0 Lionel Le Falher, restaurateur de tableaux, qui a redonn\u00e9 vie \u00e0 la maison et y a install\u00e9 son atelier.<\/p><\/li><li data-start=\"1090\" data-end=\"1293\"><p data-start=\"1092\" data-end=\"1293\"><strong data-start=\"1092\" data-end=\"1117\">Un cadre exceptionnel<\/strong><br data-start=\"1117\" data-end=\"1120\" \/>Situ\u00e9e \u00e0 deux pas de l\u2019abbaye de Saint-Beno\u00eet, la maison offre une atmosph\u00e8re paisible, entour\u00e9e de jardins, id\u00e9ale pour se ressourcer ou d\u00e9couvrir le patrimoine poitevin.<\/p><\/li><li data-start=\"1295\" data-end=\"1504\"><p data-start=\"1297\" data-end=\"1504\"><strong data-start=\"1297\" data-end=\"1332\">R\u00e9nov\u00e9e et entretenue avec soin<\/strong><br data-start=\"1332\" data-end=\"1335\" \/>Acquise par la famille actuelle en 2024, la partie gite de la Chaumuse a \u00e9t\u00e9 enti\u00e8rement r\u00e9nov\u00e9e pour accueillir les voyageurs dans le confort tout en pr\u00e9servant le charme de son histoire.<\/p><\/li><\/ul>\t\t\t\t\t\t\t\t<\/div>\n\t\t<div class=\"elementor-element elementor-element-155a0e2 e-con-full e-flex elementor-invisible e-con e-child\" data-id=\"155a0e2\" data-element_type=\"container\" data-settings=\"{&quot;background_background&quot;:&quot;classic&quot;,&quot;animation&quot;:&quot;fadeInUp&quot;}\">\n\t\t\t\t<\/div>\n\t\t\t\t<\/div>\n\t\t\t\t<\/div>\n\t\t<div class=\"elementor-element elementor-element-0b09f9b e-flex e-con-boxed e-con e-parent\" data-id=\"0b09f9b\" data-element_type=\"container\">\n\t\t\t\t\t<div class=\"e-con-inner\">\n\t\t\t\t<div class=\"elementor-element elementor-element-f7e0a34 elementor-invisible elementor-widget elementor-widget-heading\" data-id=\"f7e0a34\" data-element_type=\"widget\" data-settings=\"{&quot;_animation&quot;:&quot;fadeIn&quot;}\" data-widget_type=\"heading.default\">\n\t\t\t\t\t<span class=\"elementor-heading-title elementor-size-default\">*<br>Nous contacter<\/span>\t\t\t\t<\/div>\n\t\t\t\t<div class=\"elementor-element elementor-element-0c09f50 elementor-widget elementor-widget-shortcode\" data-id=\"0c09f50\" data-element_type=\"widget\" data-widget_type=\"shortcode.default\">\n\t\t\t\t\t\t\t<div class=\"elementor-shortcode\"><div class=\"mf-form-shortcode\">\r\n\t\t<div\r\n\t\t\tid=\"metform-wrap-202-202\"\r\n\t\t\tclass=\"mf-form-wrapper\"\r\n\t\t\tdata-form-id=\"202\"\r\n\t\t\tdata-action=\"https:\/\/lachaumuse.fr\/index.php\/wp-json\/metform\/v1\/entries\/insert\/202\"\r\n\t\t\tdata-wp-nonce=\"0f804e77da\"\r\n\t\t\tdata-form-nonce=\"e29223cd1f\"\r\n\t\t\tdata-quiz-summery = \"false\"\r\n\t\t\tdata-save-progress = \"false\"\r\n\t\t\tdata-form-type=\"general-form\"\r\n\t\t\tdata-stop-vertical-effect=\"\"\r\n\t\t\t><\/div>\r\n\r\n\r\n\t\t<!----------------------------- \r\n\t\t\t* controls_data : find the the props passed indie of data attribute\r\n\t\t\t* props.SubmitResponseMarkup : contains the markup of error or success message\r\n\t\t\t* https:\/\/developer.mozilla.org\/en-US\/docs\/Web\/JavaScript\/Reference\/Template_literals\r\n\t\t--------------------------- -->\r\n\r\n\t\t\t\t<script type=\"text\/mf\" class=\"mf-template\">\r\n\t\t\tfunction controls_data (value){\r\n\t\t\t\tlet currentWrapper = \"mf-response-props-id-202\";\r\n\t\t\t\tlet currentEl = document.getElementById(currentWrapper);\r\n\t\t\t\t\r\n\t\t\t\treturn currentEl ? currentEl.dataset[value] : false\r\n\t\t\t}\r\n\r\n\r\n\t\t\tlet is_edit_mode = '' ? true : false;\r\n\t\t\tlet message_position = controls_data('messageposition') || 'top';\r\n\r\n\t\t\t\r\n\t\t\tlet message_successIcon = controls_data('successicon') || '';\r\n\t\t\tlet message_errorIcon = controls_data('erroricon') || '';\r\n\t\t\tlet message_editSwitch = controls_data('editswitchopen') === 'yes' ? true : false;\r\n\t\t\tlet message_proClass = controls_data('editswitchopen') === 'yes' ? 'mf_pro_activated' : '';\r\n\t\t\t\r\n\t\t\tlet is_dummy_markup = is_edit_mode && message_editSwitch ? true : false;\r\n\r\n\t\t\t\r\n\t\t\treturn html`\r\n\t\t\t\t<form\r\n\t\t\t\t\tclassName=\"metform-form-content\"\r\n\t\t\t\t\tref=${parent.formContainerRef}\r\n\t\t\t\t\tonSubmit=${ validation.handleSubmit( parent.handleFormSubmit ) }\r\n\t\t\t\t\r\n\t\t\t\t\t>\r\n\t\t\t\r\n\t\t\t\r\n\t\t\t\t\t${is_dummy_markup ? message_position === 'top' ?  props.ResponseDummyMarkup(message_successIcon, message_proClass) : '' : ''}\r\n\t\t\t\t\t${is_dummy_markup ? ' ' :  message_position === 'top' ? props.SubmitResponseMarkup`${parent}${state}${message_successIcon}${message_errorIcon}${message_proClass}` : ''}\r\n\r\n\t\t\t\t\t<!--------------------------------------------------------\r\n\t\t\t\t\t*** IMPORTANT \/ DANGEROUS ***\r\n\t\t\t\t\t${html``} must be used as in immediate child of \"metform-form-main-wrapper\"\r\n\t\t\t\t\tclass otherwise multistep form will not run at all\r\n\t\t\t\t\t---------------------------------------------------------->\r\n\r\n\t\t\t\t\t<div className=\"metform-form-main-wrapper\" key=${'hide-form-after-submit'} ref=${parent.formRef}>\r\n\t\t\t\t\t${html`\r\n\t\t\t\t\t\t\t\t<div data-elementor-type=\"wp-post\" key=\"2\" data-elementor-id=\"202\" className=\"elementor elementor-202\">\n\t\t\t\t<div className=\"elementor-element elementor-element-5238662 e-flex e-con-boxed e-con e-parent\" data-id=\"5238662\" data-element_type=\"container\">\n\t\t\t\t\t<div className=\"e-con-inner\">\n\t\t\t\t<div className=\"elementor-element elementor-element-8a8f8c0 elementor-widget elementor-widget-heading\" data-id=\"8a8f8c0\" data-element_type=\"widget\" data-widget_type=\"heading.default\">\n\t\t\t\t\t<h3 className=\"elementor-heading-title elementor-size-default\">Demande de r\u00e9servation<\/h3>\t\t\t\t<\/div>\n\t\t<div className=\"elementor-element elementor-element-7d4cdd0a e-con-full e-grid e-con e-child\" data-id=\"7d4cdd0a\" data-element_type=\"container\">\n\t\t\t\t<div className=\"elementor-element elementor-element-2e470f35 elementor-widget elementor-widget-mf-text\" data-id=\"2e470f35\" data-element_type=\"widget\" data-settings=\"{&quot;mf_input_name&quot;:&quot;mf-first-name&quot;}\" data-widget_type=\"mf-text.default\">\n\t\t\t\t\t\r\n\t\t<div className=\"mf-input-wrapper\">\r\n\t\t\t\t\t\t\t<label className=\"mf-input-label\" htmlFor=\"mf-input-text-2e470f35\">\r\n\t\t\t\t\t${ parent.decodeEntities(`Pr\u00e9nom`) } \t\t\t\t\t<span className=\"mf-input-required-indicator\">*<\/span>\r\n\t\t\t\t<\/label>\r\n\t\t\t\r\n\t\t\t<input\r\n\t\t\t\ttype=\"text\"\r\n\t\t\t\tclassName=\"mf-input mf-conditional-input\"\r\n\t\t\t\tid=\"mf-input-text-2e470f35\"\r\n\t\t\t\tname=\"mf-first-name\"\r\n\t\t\t\tplaceholder=\"${ parent.decodeEntities(`Jean`) } \"\r\n\t\t\t\t\t\t\t\t\tonInput=${parent.handleChange}\r\n\t\t\t\t\tonBlur=${parent.handleChange}\r\n\t\t\t\t\taria-invalid=${validation.errors['mf-first-name'] ? 'true' : 'false'}\r\n\t\t\t\t\tref=${el =>{\r\n\t\t\t\t\t\t\t\t\t\t\t\tparent.activateValidation({\"message\":\"This field is required.\",\"minLength\":1,\"maxLength\":\"\",\"type\":\"none\",\"required\":true,\"expression\":\"null\"}, el)\r\n\t\t\t\t\t}}\r\n\t\t\t\t\t\t\t\t\/>\r\n\r\n\t\t\t\t\t\t\t<${validation.ErrorMessage}\r\n\t\t\t\t\terrors=${validation.errors}\r\n\t\t\t\t\tname=\"mf-first-name\"\r\n\t\t\t\t\tas=${html`<span className=\"mf-error-message\"><\/span>`}\r\n\t\t\t\t\t\/>\r\n\t\t\t\r\n\t\t\t<span className=\"mf-input-help\"> ${ parent.decodeEntities(`Enter your first name here`) }  <\/span>\t\t<\/div>\r\n\r\n\t\t\t\t\t\t<\/div>\n\t\t\t\t<div className=\"elementor-element elementor-element-521c1556 elementor-widget elementor-widget-mf-text\" data-id=\"521c1556\" data-element_type=\"widget\" data-settings=\"{&quot;mf_input_name&quot;:&quot;mf-last-name&quot;}\" data-widget_type=\"mf-text.default\">\n\t\t\t\t\t\r\n\t\t<div className=\"mf-input-wrapper\">\r\n\t\t\t\t\t\t\t<label className=\"mf-input-label\" htmlFor=\"mf-input-text-521c1556\">\r\n\t\t\t\t\t${ parent.decodeEntities(`Nom`) } \t\t\t\t\t<span className=\"mf-input-required-indicator\">*<\/span>\r\n\t\t\t\t<\/label>\r\n\t\t\t\r\n\t\t\t<input\r\n\t\t\t\ttype=\"text\"\r\n\t\t\t\tclassName=\"mf-input mf-conditional-input\"\r\n\t\t\t\tid=\"mf-input-text-521c1556\"\r\n\t\t\t\tname=\"mf-last-name\"\r\n\t\t\t\tplaceholder=\"${ parent.decodeEntities(`Dupont`) } \"\r\n\t\t\t\t\t\t\t\t\tonInput=${parent.handleChange}\r\n\t\t\t\t\tonBlur=${parent.handleChange}\r\n\t\t\t\t\taria-invalid=${validation.errors['mf-last-name'] ? 'true' : 'false'}\r\n\t\t\t\t\tref=${el =>{\r\n\t\t\t\t\t\t\t\t\t\t\t\tparent.activateValidation({\"message\":\"This field is required.\",\"minLength\":1,\"maxLength\":\"\",\"type\":\"none\",\"required\":true,\"expression\":\"null\"}, el)\r\n\t\t\t\t\t}}\r\n\t\t\t\t\t\t\t\t\/>\r\n\r\n\t\t\t\t\t\t\t<${validation.ErrorMessage}\r\n\t\t\t\t\terrors=${validation.errors}\r\n\t\t\t\t\tname=\"mf-last-name\"\r\n\t\t\t\t\tas=${html`<span className=\"mf-error-message\"><\/span>`}\r\n\t\t\t\t\t\/>\r\n\t\t\t\r\n\t\t\t<span className=\"mf-input-help\"> ${ parent.decodeEntities(`Enter your last name here`) }  <\/span>\t\t<\/div>\r\n\r\n\t\t\t\t\t\t<\/div>\n\t\t\t\t<div className=\"elementor-element elementor-element-610776a6 elementor-widget elementor-widget-mf-telephone\" data-id=\"610776a6\" data-element_type=\"widget\" data-settings=\"{&quot;mf_input_name&quot;:&quot;mf-tel&quot;}\" data-widget_type=\"mf-telephone.default\">\n\t\t\t\t\t\n\t\t<div className=\"mf-input-wrapper\">\n\t\t\t\t\t\t\t<label className=\"mf-input-label\" htmlFor=\"mf-input-telephone-610776a6\">\n\t\t\t\t\t${ parent.decodeEntities(`Num\u00e9ro mobile`) } \t\t\t\t\t<span className=\"mf-input-required-indicator\">*<\/span>\n\t\t\t\t<\/label>\n\t\t\t\n\t\t\t<input\n\t\t\t\ttype=\"tel\"\n\t\t\t\tclassName=\"mf-input mf-conditional-input\"\n\t\t\t\tid=\"mf-input-telephone-610776a6\" \n\t\t\t\tname=\"mf-tel\"\n\t\t\t\tplaceholder=\"${ parent.decodeEntities(``) } \"\n\t\t\t\t\t\t\t\t\tonInput=${parent.handleChange}\n\t\t\t\t\taria-invalid=${validation.errors['mf-tel'] ? 'true' : 'false'}\n\t\t\t\t\tref=${el => parent.activateValidation({\"message\":\"This field is required.\",\"minLength\":1,\"maxLength\":\"\",\"type\":\"none\",\"required\":true,\"expression\":\"null\"}, el)}\n\t\t\t\t\t\t\t\t\/>\n\t\t\t\n\t\t\t\t\t\t\t<${validation.ErrorMessage}\n\t\t\t\t\terrors=${validation.errors}\n\t\t\t\t\tname=\"mf-tel\"\n\t\t\t\t\tas=${html`<span className=\"mf-error-message\"><\/span>`}\n\t\t\t\t\t\/>\n\t\t\t\n\t\t\t<span className=\"mf-input-help\"> ${ parent.decodeEntities(`Example: +1 212-695-1962`) }  <\/span>\n\t\t<\/div>\n\n\t\t\t\t\t\t<\/div>\n\t\t\t\t<div className=\"elementor-element elementor-element-6bc27197 elementor-widget elementor-widget-mf-email\" data-id=\"6bc27197\" data-element_type=\"widget\" data-settings=\"{&quot;mf_input_name&quot;:&quot;mf-email&quot;}\" data-widget_type=\"mf-email.default\">\n\t\t\t\t\t\r\n\t\t<div className=\"mf-input-wrapper\">\r\n\t\t\t\t\t\t\t<label className=\"mf-input-label\" htmlFor=\"mf-input-email-6bc27197\">\r\n\t\t\t\t\t${ parent.decodeEntities(` Addresse Email`) } \t\t\t\t\t<span className=\"mf-input-required-indicator\">*<\/span>\r\n\t\t\t\t<\/label>\r\n\t\t\t\r\n\t\t\t<input \r\n\t\t\t\ttype=\"email\" \r\n\t\t\t\t \r\n\t\t\t\tdefaultValue=\"\" \r\n\t\t\t\tclassName=\"mf-input mf-conditional-input\" \r\n\t\t\t\tid=\"mf-input-email-6bc27197\" \r\n\t\t\t\tname=\"mf-email\" \r\n\t\t\t\tplaceholder=\"${ parent.decodeEntities(``) } \" \r\n\t\t\t\t \r\n\t\t\t\tonBlur=${parent.handleChange} onFocus=${parent.handleChange} aria-invalid=${validation.errors['mf-email'] ? 'true' : 'false' } \r\n\t\t\t\tref=${el=> parent.activateValidation({\"message\":\"This field is required.\",\"emailMessage\":\"Veuillez saisir une adresse de messagerie valide\",\"minLength\":1,\"maxLength\":\"\",\"type\":\"none\",\"required\":true,\"expression\":\"null\"}, el)}\r\n\t\t\t\t\t\t\t\/>\r\n\r\n\t\t\t\t\t\t<${validation.ErrorMessage} \r\n\t\t\t\terrors=${validation.errors} \r\n\t\t\t\tname=\"mf-email\" \r\n\t\t\t\tas=${html`<span className=\"mf-error-message\"><\/span>`}\r\n\t\t\t\/>\r\n\t\t\t\r\n\t\t\t<span className=\"mf-input-help\"> ${ parent.decodeEntities(`Example: user@website.com`) }  <\/span>\t\t<\/div>\r\n\r\n\t\t\t\t<\/div>\n\t\t\t\t<div className=\"elementor-element elementor-element-11ecdbe8 elementor-widget elementor-widget-mf-date\" data-id=\"11ecdbe8\" data-element_type=\"widget\" data-settings=\"{&quot;mf_input_name&quot;:&quot;mf-checkin-date&quot;}\" data-widget_type=\"mf-date.default\">\n\t\t\t\t\t\t\t\r\n\t\t<div className=\"mf-input-wrapper\">\r\n\t\t\t\t\t\t\t<label className=\"mf-input-label\" htmlFor=\"mf-input-date-11ecdbe8\">\r\n\t\t\t\t\t${ parent.decodeEntities(`Date d&#039;arriv\u00e9e`) } \t\t\t\t\t<span className=\"mf-input-required-indicator\">*<\/span>\r\n\t\t\t\t<\/label>\r\n\t\t\t\r\n\t\t\t<${props.Flatpickr}\r\n\t\t\t\t\tname=\"mf-checkin-date\"\r\n\t\t\t\t\tclassName=\"mf-input mf-date-input mf-left-parent  mf-conditional-input\"\r\n\t\t\t\t\tplaceholder=\"${ parent.decodeEntities(`DD - MM - YYYY`) } \"\r\n\t\t\t\t\toptions=${{\"minDate\":\"yes\",\"maxDate\":\"\",\"dateFormat\":\"d-m-Y\",\"enableTime\":\"\",\"disable\":[],\"mode\":\"single\",\"static\":true,\"disableMobile\":true,\"time_24hr\":false}}\r\n\t\t\t\t\tvalue=${parent.getValue('mf-checkin-date')}\r\n\t\t\t\t\tonInput=${parent.handleDateTime}\r\n\t\t\t\t\taria-invalid=${validation.errors['mf-checkin-date'] ? 'true' : 'false'}\r\n\t\t\t\t\tref=${el => props.DateWidget(\r\n\t\t\t\t\t\t\tel, \r\n\t\t\t\t\t\t\t'', \r\n\t\t\t\t\t\t\t{\"message\":\"This field is required.\",\"required\":true},  \r\n\t\t\t\t\t\t\tregister, \r\n\t\t\t\t\t\t\tparent \r\n\t\t\t\t\t\t)}\r\n\t\t\t\t\t\/>\r\n\r\n\t\t\t\t\t\t\t<${validation.ErrorMessage}\r\n\t\t\t\t\terrors=${validation.errors}\r\n\t\t\t\t\tname=\"mf-checkin-date\"\r\n\t\t\t\t\tas=${html`<span className=\"mf-error-message\"><\/span>`}\r\n\t\t\t\t\t\/>\r\n\t\t\t\t\t\t\t\t<\/div>\r\n\r\n\t\t\r\n\t\t\t\t\t\t<\/div>\n\t\t\t\t<div className=\"elementor-element elementor-element-73212e53 elementor-widget elementor-widget-mf-date\" data-id=\"73212e53\" data-element_type=\"widget\" data-settings=\"{&quot;mf_input_name&quot;:&quot;mf-checkout-date&quot;}\" data-widget_type=\"mf-date.default\">\n\t\t\t\t\t\t\t\r\n\t\t<div className=\"mf-input-wrapper\">\r\n\t\t\t\t\t\t\t<label className=\"mf-input-label\" htmlFor=\"mf-input-date-73212e53\">\r\n\t\t\t\t\t${ parent.decodeEntities(`Date de d\u00e9part`) } \t\t\t\t\t<span className=\"mf-input-required-indicator\">*<\/span>\r\n\t\t\t\t<\/label>\r\n\t\t\t\r\n\t\t\t<${props.Flatpickr}\r\n\t\t\t\t\tname=\"mf-checkout-date\"\r\n\t\t\t\t\tclassName=\"mf-input mf-date-input mf-left-parent  mf-conditional-input\"\r\n\t\t\t\t\tplaceholder=\"${ parent.decodeEntities(`DD - MM - YYYY`) } \"\r\n\t\t\t\t\toptions=${{\"minDate\":\"\",\"maxDate\":\"\",\"dateFormat\":\"d-m-Y\",\"enableTime\":\"\",\"disable\":[],\"mode\":\"single\",\"static\":true,\"disableMobile\":true,\"time_24hr\":false}}\r\n\t\t\t\t\tvalue=${parent.getValue('mf-checkout-date')}\r\n\t\t\t\t\tonInput=${parent.handleDateTime}\r\n\t\t\t\t\taria-invalid=${validation.errors['mf-checkout-date'] ? 'true' : 'false'}\r\n\t\t\t\t\tref=${el => props.DateWidget(\r\n\t\t\t\t\t\t\tel, \r\n\t\t\t\t\t\t\t'', \r\n\t\t\t\t\t\t\t{\"message\":\"This field is required.\",\"required\":true},  \r\n\t\t\t\t\t\t\tregister, \r\n\t\t\t\t\t\t\tparent \r\n\t\t\t\t\t\t)}\r\n\t\t\t\t\t\/>\r\n\r\n\t\t\t\t\t\t\t<${validation.ErrorMessage}\r\n\t\t\t\t\terrors=${validation.errors}\r\n\t\t\t\t\tname=\"mf-checkout-date\"\r\n\t\t\t\t\tas=${html`<span className=\"mf-error-message\"><\/span>`}\r\n\t\t\t\t\t\/>\r\n\t\t\t\t\t\t\t\t<\/div>\r\n\r\n\t\t\r\n\t\t\t\t\t\t<\/div>\n\t\t\t\t<\/div>\n\t\t<div className=\"elementor-element elementor-element-59133895 e-con-full e-grid e-con e-child\" data-id=\"59133895\" data-element_type=\"container\">\n\t\t\t\t<div className=\"elementor-element elementor-element-25d74082 elementor-widget elementor-widget-mf-number\" data-id=\"25d74082\" data-element_type=\"widget\" data-settings=\"{&quot;mf_input_name&quot;:&quot;mf-adults&quot;}\" data-widget_type=\"mf-number.default\">\n\t\t\t\t\t\r\n\t\t<div className=\"mf-input-wrapper\">\r\n\t\t\t\t\t\t\t<label className=\"mf-input-label\" htmlFor=\"mf-input-number-25d74082\">\r\n\t\t\t\t\t${ parent.decodeEntities(`Nombre d&#039;adultes`) } \t\t\t\t\t<span className=\"mf-input-required-indicator\">*<\/span>\r\n\t\t\t\t<\/label>\r\n\t\t\t\r\n\t\t\t<input\r\n\t\t\t\ttype=\"number\"\r\n\t\t\t\tstep=\"any\"\r\n\t\t\t\tclassName=\"mf-input mf-conditional-input\"\r\n\t\t\t\tid=\"mf-input-mobile-25d74082\"\r\n\t\t\t\tname=\"mf-adults\"\r\n\t\t\t\tplaceholder=\"${ parent.decodeEntities(``) } \"\r\n\t\t\t\t\t\t\t\t\tonInput=${parent.handleChange}\r\n\t\t\t\t\taria-invalid=${validation.errors['mf-adults'] ? 'true' : 'false'}\r\n\t\t\t\t\tref=${el => parent.activateValidation({\"message\":\"This field is required.\",\"minLength\":1,\"maxLength\":\"\",\"type\":\"none\",\"required\":true,\"expression\":\"null\"}, el)}\r\n\t\t\t\t\t\t\t\t\/>\r\n\r\n\t\t\t\t\t\t\t<${validation.ErrorMessage}\r\n\t\t\t\t\terrors=${validation.errors}\r\n\t\t\t\t\tname=\"mf-adults\"\r\n\t\t\t\t\tas=${html`<span className=\"mf-error-message\"><\/span>`}\r\n\t\t\t\t\t\/>\r\n\t\t\t\r\n\t\t\t\t\t<\/div>\r\n\r\n\t\t\t\t\t\t<\/div>\n\t\t\t\t<\/div>\n\t\t\t\t<div className=\"elementor-element elementor-element-2e6a0389 elementor-widget elementor-widget-mf-textarea\" data-id=\"2e6a0389\" data-element_type=\"widget\" data-settings=\"{&quot;mf_input_name&quot;:&quot;mf-comment&quot;}\" data-widget_type=\"mf-textarea.default\">\n\t\t\t\t\t\r\n\t\t<div className=\"mf-input-wrapper\">\r\n\t\t\t\t\t\t\t<label className=\"mf-input-label\" htmlFor=\"mf-input-text-area-2e6a0389\">\r\n\t\t\t\t\t${ parent.decodeEntities(`Laissez votre commentaire ici`) } \t\t\t\t\t<span className=\"mf-input-required-indicator\">*<\/span>\r\n\t\t\t\t<\/label>\r\n\t\t\t\r\n\t\t\t<textarea className=\"mf-input mf-textarea mf-conditional-input\" id=\"mf-input-text-area-2e6a0389\"\r\n\t\t\t\tname=\"mf-comment\" \r\n\t\t\t\tplaceholder=\"${ parent.decodeEntities(``) } \"\r\n\t\t\t\tcols=\"30\" rows=\"10\"\r\n\t\t\t\t\t\t\t\t\tonInput=${ parent.handleChange }\r\n\t\t\t\t\taria-invalid=${validation.errors['mf-comment'] ? 'true' : 'false'}\r\n\t\t\t\t\tref=${ el => parent.activateValidation({\"message\":\"This field is required.\",\"minLength\":1,\"maxLength\":\"\",\"type\":\"none\",\"required\":true,\"expression\":\"null\"}, el)}\r\n\t\t\t\t\t\t\t\t><\/textarea>\r\n\r\n\t\t\t\t\t\t\t<${validation.ErrorMessage}\r\n\t\t\t\t\terrors=${validation.errors}\r\n\t\t\t\t\tname=\"mf-comment\"\r\n\t\t\t\t\tas=${html`<span className=\"mf-error-message\"><\/span>`}\r\n\t\t\t\t\t\/>\r\n\t\t\t\t\t\t\t\t<\/div>\r\n\r\n\t\t\t\t\t\t<\/div>\n\t\t\t\t<div className=\"elementor-element elementor-element-101f5262 elementor-widget__width-auto elementor-widget elementor-widget-mf-button\" data-id=\"101f5262\" data-element_type=\"widget\" data-widget_type=\"mf-button.default\">\n\t\t\t\t\t\t\t<div className=\"mf-btn-wraper mf-conditional-input\" data-mf-form-conditional-logic-requirement=\"\">\r\n\t\t\t\t\t\t\t<button type=\"submit\" className=\"metform-btn metform-submit-btn \" id=\"\">\r\n\t\t\t\t\t<span>${ parent.decodeEntities(`Envoyer`) } <\/span>\r\n\t\t\t\t<\/button>\r\n\t\t\t        <\/div>\r\n        \t\t\t\t<\/div>\n\t\t\t\t\t<\/div>\n\t\t\t\t<\/div>\n\t\t\t\t<\/div>\n\t\t\t\t\t\t\t`}\r\n\t\t\t\t\t<\/div>\r\n\r\n\t\t\t\t\t${is_dummy_markup ? message_position === 'bottom' ? props.ResponseDummyMarkup(message_successIcon, message_proClass) : '' : ''}\r\n\t\t\t\t\t${is_dummy_markup ? ' ' : message_position === 'bottom' ? props.SubmitResponseMarkup`${parent}${state}${message_successIcon}${message_errorIcon}${message_proClass}` : ''}\r\n\t\t\t\t\r\n\t\t\t\t<\/form>\r\n\t\t\t`\r\n\t\t<\/script>\r\n\r\n\t\t<\/div><\/div>\n\t\t\t\t\t\t<\/div>\n\t\t\t\t\t<\/div>\n\t\t\t\t<\/div>\n\t\t\t\t<\/div>\n\t\t","protected":false},"excerpt":{"rendered":"<p>La Chaumuse Un lieu charg\u00e9 d\u2019histoire, au c\u0153ur de Saint-Beno\u00eet Nich\u00e9e \u00e0 Saint-Beno\u00eet, pr\u00e8s de Poitiers, Chaumuse est une \u00e9l\u00e9gante maison d\u2019architecture de vill\u00e9giature du XIXe si\u00e8cle, connue pour son d\u00e9cor de briques rouges, ses balcons en bois et ses souvenirs d\u2019artistes. Ce lieu authentique a travers\u00e9 les \u00e9poques et inspir\u00e9 peintres et voyageurs. Ce [&hellip;]<\/p>\n","protected":false},"author":1,"featured_media":0,"parent":0,"menu_order":0,"comment_status":"closed","ping_status":"closed","template":"","meta":{"footnotes":""},"class_list":["post-229","page","type-page","status-publish","hentry"],"_links":{"self":[{"href":"https:\/\/lachaumuse.fr\/index.php\/wp-json\/wp\/v2\/pages\/229","targetHints":{"allow":["GET"]}}],"collection":[{"href":"https:\/\/lachaumuse.fr\/index.php\/wp-json\/wp\/v2\/pages"}],"about":[{"href":"https:\/\/lachaumuse.fr\/index.php\/wp-json\/wp\/v2\/types\/page"}],"author":[{"embeddable":true,"href":"https:\/\/lachaumuse.fr\/index.php\/wp-json\/wp\/v2\/users\/1"}],"replies":[{"embeddable":true,"href":"https:\/\/lachaumuse.fr\/index.php\/wp-json\/wp\/v2\/comments?post=229"}],"version-history":[{"count":19,"href":"https:\/\/lachaumuse.fr\/index.php\/wp-json\/wp\/v2\/pages\/229\/revisions"}],"predecessor-version":[{"id":394,"href":"https:\/\/lachaumuse.fr\/index.php\/wp-json\/wp\/v2\/pages\/229\/revisions\/394"}],"wp:attachment":[{"href":"https:\/\/lachaumuse.fr\/index.php\/wp-json\/wp\/v2\/media?parent=229"}],"curies":[{"name":"wp","href":"https:\/\/api.w.org\/{rel}","templated":true}]}}